{"id":796,"date":"2016-08-12T19:23:25","date_gmt":"2016-08-12T17:23:25","guid":{"rendered":"http:\/\/stemmespesialisten.no\/en\/vilkar\/"},"modified":"2016-09-18T22:01:59","modified_gmt":"2016-09-18T20:01:59","slug":"terms","status":"publish","type":"page","link":"https:\/\/stemmespesialisten.no\/en\/terms\/","title":{"rendered":"TERMS"},"content":{"rendered":"<p>[vc_row][vc_column]<div class=\"spacer\" style=\"height: 80px;\"><\/div>[\/vc_column][vc_column width=&#8221;1\/2&#8243;][vc_column_text]<em>Disse vilk\u00e5rene trer i kraft fra f\u00f8rste gjennomf\u00f8rte kj\u00f8p. Det er kundens og\/eller foresattes plikt \u00e5 sette seg inn i praktiske anliggender f\u00f8r de g\u00e5r inn i samarbeid med Stemmespesialisten.<\/em><\/p>\n<p><strong class=\"ingress\" style=\"line-height: 1.5;\">Kj\u00f8psavtale enkeltst\u00e5ende timer<\/strong><\/p>\n<p>Alle bestillinger er personlige, og kj\u00f8p fra \u00e9n kundekonto m\u00e5 kun benyttes av \u00e9n person. Hvert enkelt kj\u00f8p er bindende, og bestillingen kan ikke kanselleres etter betaling.<\/p>\n<p>For \u00e5 benytte rabattordningene, m\u00e5 verdikuponger \u00e0 5, 10 eller 15 stk kj\u00f8pes samlet. Enkeltst\u00e5ende kj\u00f8p av timer kan ikke legges sammen for \u00e5 oppn\u00e5 rabatt.<\/p>\n<p>Den personlige kundekontoen (under overskriften Min Konto) hos Stemmespesialisten.no holder orden p\u00e5 hvor mange bestilte timer du har benyttet, og hvor mange som gjenst\u00e5r.\u00a0Det er kundens eget ansvar \u00e5 s\u00f8rge for at timene bookes innen seks m\u00e5neder fra betalingsdato. Ubenyttede timer er ikke refunderbare.<\/p>\n<p>Det er 24 timers frist for flytting av avtaler, og det er elevens ansvar \u00e5 m\u00f8te i rett tid. Umiddelbart etter \u00e5 ha booket inn timene i kalenderen, vil kunden motta mail med bekreftelse p\u00e5 timeavtale. I tillegg sendes det ut p\u00e5minnelse 48 timer f\u00f8r avtalens starttid. Om timen ikke ombookes innen fristen, vil avtalen bli regnet som brukt og pengene g\u00e5 tapt.<\/p>\n<p><strong class=\"ingress\">Kj\u00f8psavtale kurs<\/strong><\/p>\n<p>Kursp\u00e5melding gj\u00f8res bindende ved betaling. Man er ikke p\u00e5meldt kurset f\u00f8r kursavgiften er betalt, og der er ingen refusjon etter betaling.<\/p>\n<p>All undervisning, inkludert romleie, instrumentleie, notemateriell p\u00e5 PDF, \u00f8vingsfiler, anledning for lydopptak og konsertdeltagelse er inkludert i prisen.<\/p>\n<p>Ekstra betaling for eksterne ressurser kan bli aktuelt (eks. tid med akkompagnat\u00f8r, koreograf, scenograf etc). Dette skal det informeres om i god tid, og kursdeltageren skal ha mulighet til \u00e5 takke nei til ekstratilbudene.<\/p>\n<p>Deltagerne f\u00e5r anledning til \u00e5 delta p\u00e5 samtlige \u00f8vinger\/fellesundervisningstimer, med oppm\u00f8teplikt til et minimumsantall i forkant av konsert (der det er aktuelt). Det er deltagernes plikt \u00e5 holde seg oppdatert p\u00e5 tider og eventuelle endringer, enten via nettsiden, Facebook-siden for gruppa, eller kontakt med andre deltagere. Berglund har full anledning til \u00e5 nekte deltagelse p\u00e5 konsert for de som ikke har hatt nok oppm\u00f8te.[\/vc_column_text][\/vc_column][vc_column width=&#8221;1\/2&#8243;][vc_column_text]<strong>Plikter og rettigheter for hver av partene<\/strong><\/p>\n<p>Berglund forplikter seg til \u00e5 forberede \u00f8velser og repertoar spesielt tilpasset hver enkelt kunde. Kunden velger selv hva tiden som er kj\u00f8pt, skal brukes til, men Berglund har et overordnet ansvar for \u00e5 velge ut og anbefale metoder tilpasset kundens m\u00e5l og interesser.<\/p>\n<p>Kunden m\u00e5 selv kj\u00f8pe\/printe eller finne\/kopiere og ta vare p\u00e5 notene fra time til time. I noen tilfeller kan Berglund sende ut noter p\u00e5 mail, dette er en inkludert tjeneste. Noter i PDF, p\u00e5 iPad eller papir m\u00e5 tas med p\u00e5 hver time.<\/p>\n<p>Enhver kunde som bruker timeavtalene sine p\u00e5 sang, har rett til \u00e5 f\u00e5 mulighet til \u00e5 opptre p\u00e5 konsert. Det skal v\u00e6re minst \u00e9n konsertmulighet hvert semester. Det er derimot ingen plikt \u00e5 opptre om man ikke \u00f8nsker det.<\/p>\n<p>Det er ingen \u00f8vingskrav for \u00e5 v\u00e6re kunde hos Stemmespesialisten. Det garanteres heller ikke for \u00f8nsket resultatoppn\u00e5else p\u00e5 en bestemt tid.<\/p>\n<p><strong>Opptak og deling<\/strong><\/p>\n<p>Kunden har anledning til \u00e5 ta opp sangtimen p\u00e5 mp3-opptaker, iPhone eller tilsvarende, til hjelp for \u00f8ving p\u00e5 egen h\u00e5nd. Opptaksutstyr m\u00e5 kunden bes\u00f8rge selv.<\/p>\n<p>Kunden har IKKE mulighet til \u00e5 dele opptak av undervisning fra egen eller andres time. Alle opptak er kun for personlig bruk. Blir det oppdaget at opptak fra timer deles via internett eller ikke-klienters multimedia-maskiner, vil strafferettslige tiltak vurderes.[\/vc_column_text][\/vc_column][vc_column]<div class=\"spacer\" style=\"height: 80px;\"><\/div>[\/vc_column][\/vc_row]<\/p>\n","protected":false},"excerpt":{"rendered":"<p>[vc_row][vc_column][\/vc_column][vc_column width=&#8221;1\/2&#8243;][vc_column_text]Disse vilk\u00e5rene trer i kraft fra f\u00f8rste gjennomf\u00f8rte kj\u00f8p. Det er kundens og\/eller foresattes plikt \u00e5 sette seg inn i praktiske anliggender f\u00f8r de g\u00e5r inn i samarbeid med Stemmespesialisten. Kj\u00f8psavtale enkeltst\u00e5ende timer Alle bestillinger er personlige, og kj\u00f8p fra \u00e9n kundekonto m\u00e5 kun benyttes av \u00e9n person. Hvert enkelt kj\u00f8p er bindende, og bestillingen kan ikke kanselleres etter betaling. For \u00e5 benytte rabattordningene, m\u00e5 verdikuponger \u00e0 5, 10 eller 15 stk kj\u00f8pes samlet. Enkeltst\u00e5ende kj\u00f8p av timer kan ikke legges sammen for \u00e5 oppn\u00e5 rabatt. Den personlige kundekontoen (under overskriften Min Konto) hos Stemmespesialisten.no holder orden p\u00e5 hvor mange bestilte timer du har benyttet, og hvor mange som gjenst\u00e5r.\u00a0Det er kundens eget ansvar \u00e5 s\u00f8rge for at timene bookes innen seks m\u00e5neder fra betalingsdato. Ubenyttede timer er ikke refunderbare. Det er 24 timers frist for flytting av avtaler, og det er elevens ansvar \u00e5 m\u00f8te i rett tid. Umiddelbart etter \u00e5 ha booket inn timene i kalenderen, vil kunden motta mail med bekreftelse p\u00e5 timeavtale. I tillegg sendes det ut p\u00e5minnelse 48 timer f\u00f8r avtalens starttid. Om timen ikke ombookes innen fristen, vil avtalen bli regnet som brukt og pengene g\u00e5 tapt. Kj\u00f8psavtale kurs Kursp\u00e5melding gj\u00f8res bindende ved [&hellip;]<\/p>\n","protected":false},"author":4,"featured_media":0,"parent":0,"menu_order":0,"comment_status":"closed","ping_status":"closed","template":"","meta":{"_mo_disable_npp":""},"yoast_head":"<!-- This site is optimized with the Yoast SEO plugin v15.9.1 - https:\/\/yoast.com\/wordpress\/plugins\/seo\/ -->\n<link rel=\"canonical\" href=\"https:\/\/stemmespesialisten.no\/vilkar\/\" \/>\n<meta property=\"og:locale\" content=\"en_US\" \/>\n<meta property=\"og:type\" content=\"article\" \/>\n<meta property=\"og:title\" content=\"TERMS | Stemmespesialisten\" \/>\n<meta property=\"og:description\" content=\"[vc_row][vc_column][\/vc_column][vc_column width=&#8221;1\/2&#8243;][vc_column_text]Disse vilk\u00e5rene trer i kraft fra f\u00f8rste gjennomf\u00f8rte kj\u00f8p. Det er kundens og\/eller foresattes plikt \u00e5 sette seg inn i praktiske anliggender f\u00f8r de g\u00e5r inn i samarbeid med Stemmespesialisten. Kj\u00f8psavtale enkeltst\u00e5ende timer Alle bestillinger er personlige, og kj\u00f8p fra \u00e9n kundekonto m\u00e5 kun benyttes av \u00e9n person. Hvert enkelt kj\u00f8p er bindende, og bestillingen kan ikke kanselleres etter betaling. For \u00e5 benytte rabattordningene, m\u00e5 verdikuponger \u00e0 5, 10 eller 15 stk kj\u00f8pes samlet. Enkeltst\u00e5ende kj\u00f8p av timer kan ikke legges sammen for \u00e5 oppn\u00e5 rabatt. Den personlige kundekontoen (under overskriften Min Konto) hos Stemmespesialisten.no holder orden p\u00e5 hvor mange bestilte timer du har benyttet, og hvor mange som gjenst\u00e5r.\u00a0Det er kundens eget ansvar \u00e5 s\u00f8rge for at timene bookes innen seks m\u00e5neder fra betalingsdato. Ubenyttede timer er ikke refunderbare. Det er 24 timers frist for flytting av avtaler, og det er elevens ansvar \u00e5 m\u00f8te i rett tid. Umiddelbart etter \u00e5 ha booket inn timene i kalenderen, vil kunden motta mail med bekreftelse p\u00e5 timeavtale. I tillegg sendes det ut p\u00e5minnelse 48 timer f\u00f8r avtalens starttid. Om timen ikke ombookes innen fristen, vil avtalen bli regnet som brukt og pengene g\u00e5 tapt. Kj\u00f8psavtale kurs Kursp\u00e5melding gj\u00f8res bindende ved [&hellip;]\" \/>\n<meta property=\"og:url\" content=\"https:\/\/stemmespesialisten.no\/vilkar\/\" \/>\n<meta property=\"og:site_name\" content=\"Stemmespesialisten\" \/>\n<meta property=\"article:modified_time\" content=\"2016-09-18T20:01:59+00:00\" \/>\n<meta name=\"twitter:card\" content=\"summary_large_image\" \/>\n<meta name=\"twitter:label1\" content=\"Est. reading time\">\n\t<meta name=\"twitter:data1\" content=\"3 minutes\">\n<script type=\"application\/ld+json\" class=\"yoast-schema-graph\">{\"@context\":\"https:\/\/schema.org\",\"@graph\":[{\"@type\":\"Organization\",\"@id\":\"https:\/\/stemmespesialisten.no\/#organization\",\"name\":\"Stemmespesialisten\",\"url\":\"https:\/\/stemmespesialisten.no\/\",\"sameAs\":[],\"logo\":{\"@type\":\"ImageObject\",\"@id\":\"https:\/\/stemmespesialisten.no\/#logo\",\"inLanguage\":\"en-US\",\"url\":\"https:\/\/stemmespesialisten.no\/wp-content\/uploads\/2017\/02\/SS_120.png\",\"width\":120,\"height\":120,\"caption\":\"Stemmespesialisten\"},\"image\":{\"@id\":\"https:\/\/stemmespesialisten.no\/#logo\"}},{\"@type\":\"WebSite\",\"@id\":\"https:\/\/stemmespesialisten.no\/#website\",\"url\":\"https:\/\/stemmespesialisten.no\/\",\"name\":\"Stemmespesialisten.no\",\"description\":\"All things song- and voice-related\",\"publisher\":{\"@id\":\"https:\/\/stemmespesialisten.no\/#organization\"},\"potentialAction\":[{\"@type\":\"SearchAction\",\"target\":\"https:\/\/stemmespesialisten.no\/?s={search_term_string}\",\"query-input\":\"required name=search_term_string\"}],\"inLanguage\":\"en-US\"},{\"@type\":\"WebPage\",\"@id\":\"https:\/\/stemmespesialisten.no\/vilkar\/#webpage\",\"url\":\"https:\/\/stemmespesialisten.no\/vilkar\/\",\"name\":\"TERMS | Stemmespesialisten\",\"isPartOf\":{\"@id\":\"https:\/\/stemmespesialisten.no\/#website\"},\"datePublished\":\"2016-08-12T17:23:25+00:00\",\"dateModified\":\"2016-09-18T20:01:59+00:00\",\"breadcrumb\":{\"@id\":\"https:\/\/stemmespesialisten.no\/vilkar\/#breadcrumb\"},\"inLanguage\":\"en-US\",\"potentialAction\":[{\"@type\":\"ReadAction\",\"target\":[\"https:\/\/stemmespesialisten.no\/vilkar\/\"]}]},{\"@type\":\"BreadcrumbList\",\"@id\":\"https:\/\/stemmespesialisten.no\/vilkar\/#breadcrumb\",\"itemListElement\":[{\"@type\":\"ListItem\",\"position\":1,\"item\":{\"@type\":\"WebPage\",\"@id\":\"https:\/\/stemmespesialisten.no\/\",\"url\":\"https:\/\/stemmespesialisten.no\/\",\"name\":\"Hjem\"}},{\"@type\":\"ListItem\",\"position\":2,\"item\":{\"@type\":\"WebPage\",\"@id\":\"https:\/\/stemmespesialisten.no\/vilkar\/\",\"url\":\"https:\/\/stemmespesialisten.no\/vilkar\/\",\"name\":\"TERMS\"}}]}]}<\/script>\n<!-- \/ Yoast SEO plugin. -->","_links":{"self":[{"href":"https:\/\/stemmespesialisten.no\/en\/wp-json\/wp\/v2\/pages\/796"}],"collection":[{"href":"https:\/\/stemmespesialisten.no\/en\/wp-json\/wp\/v2\/pages"}],"about":[{"href":"https:\/\/stemmespesialisten.no\/en\/wp-json\/wp\/v2\/types\/page"}],"author":[{"embeddable":true,"href":"https:\/\/stemmespesialisten.no\/en\/wp-json\/wp\/v2\/users\/4"}],"replies":[{"embeddable":true,"href":"https:\/\/stemmespesialisten.no\/en\/wp-json\/wp\/v2\/comments?post=796"}],"version-history":[{"count":2,"href":"https:\/\/stemmespesialisten.no\/en\/wp-json\/wp\/v2\/pages\/796\/revisions"}],"predecessor-version":[{"id":915,"href":"https:\/\/stemmespesialisten.no\/en\/wp-json\/wp\/v2\/pages\/796\/revisions\/915"}],"wp:attachment":[{"href":"https:\/\/stemmespesialisten.no\/en\/wp-json\/wp\/v2\/media?parent=796"}],"curies":[{"name":"wp","href":"https:\/\/api.w.org\/{rel}","templated":true}]}}