{"id":770,"date":"2016-07-30T22:59:00","date_gmt":"2016-07-30T20:59:00","guid":{"rendered":"http:\/\/stemmespesialisten.no\/en\/biografi\/"},"modified":"2017-05-29T22:05:20","modified_gmt":"2017-05-29T20:05:20","slug":"biography","status":"publish","type":"page","link":"https:\/\/stemmespesialisten.no\/en\/biography\/","title":{"rendered":"Biography"},"content":{"rendered":"<p>[vc_row type=&#8221;full_width_section&#8221;][vc_column width=&#8221;1\/1&#8243;][rev_slider_vc alias=&#8221;biografi&#8221;][vc_column_text][\/vc_column_text][\/vc_column][\/vc_row][vc_row type=&#8221;full_width_section&#8221;][vc_column column_padding=&#8221;padding-3&#8243; width=&#8221;1\/6&#8243;][\/vc_column][vc_column width=&#8221;2\/3&#8243;]<div class=\"spacer\" style=\"height: 20px;\"><\/div>[vc_column_text]<\/p>\n<h2>Maria Berglund har en mastergrad i klassisk ut\u00f8vende sang og en spesialisering i senromantisk opera, men hun er ingen standard blond operasopran. Les mer om din nye sangpedagog her.<\/h2>\n<p><span style=\"line-height: 1.5;\">Maria Gunnbj\u00f8rg, som hun heter, er f\u00f8dt og oppvokst p\u00e5 Stokmarknes i Vester\u00e5len. Den spede musikalske begynnelse kom med orgel- og pianotimer i kulturskolen, og hun sang gospel i de lokale barne- og ungdomskorene. I 1996 startet hun sin klassiske sangutdannelse ved Sortland videreg\u00e5ende skole, og fikk raskt solistoppgaver med lokale kor og orkester. Her fikk hun ogs\u00e5 sin debut som kordirigent, gjennom samarbeidsprosjekt med tre kor og solister fra Den Norske Opera. <\/span><\/p>\n<p><span style=\"line-height: 1.5;\">Maria var en sterkt engasjert musikklinjeelev og ga seg i kast med alt hun ble utfordret til \u2013 det v\u00e6re seg rockebandsolist, jazz og soul, barokk, musikal og opera. Den brede musikksmaken og \u2013kjennskapen har hun alltid hatt med seg siden.<\/span><\/p>\n<p>Hun kom direkte inn p\u00e5 Musikkonservatoriet i Kristiansand i 1999, og gjennomf\u00f8rte fagl\u00e6rerutdanning i musikk, dans og drama med vekt p\u00e5 klassisk ut\u00f8vende sang i 2003. Allerede f\u00f8rste \u00e5ret debuterte hun som operasolist med Forsvarets Distriktsmusikkorps, og ble invitert til ytterligere to konserter som operasolist med Kristiansand Symfoniorkester de kommende \u00e5rene. P\u00e5 siden av studiene sang hun i Domkoret og assisterte domkantor Andrew Wilder med oppvarming og stemmeteknikk. Man kunne h\u00f8re Maria synge i kirkene i omr\u00e5det hver eneste h\u00f8ytid disse \u00e5rene, enten p\u00e5 gudstjenester eller konsert.<\/p>\n<p>I 2004 var Maria tilbake i Kristiansand etter et \u00e5r i London, med sporadiske timer p\u00e5 Royal College of Music og konserter i omr\u00e5det. Hun fullf\u00f8rte ett\u00e5rig videreutdanning i klassisk ut\u00f8vende sang ved HiA med professor Neil Mackie, som kom fra nettopp denne skolen. RCM tilb\u00f8d henne plass p\u00e5 deres mastergradsprogram i 2005, men hun valgte \u00e5 takke nei. Etter \u00e5 blitt eksponert for livet som ut\u00f8vende sanger, med de h\u00f8ye kravene til \u00e5 levere p\u00e5 alle felt \u2013 kunstnerisk, teknisk, fysisk, psykisk og sosialt \u2013 valgte hun \u00e5 dyrke en annen kreativ side de kommende \u00e5rene, gjennom studier i kunst og design ved H\u00f8gskolen i Oslo. Men trangen til \u00e5 synge kunne ikke undertrykkes.<\/p>\n<p>Maria ble headhuntet til \u00e5 vikariere som distriktsmusiker i Sogn og Fjordane i 2008, en jobb best\u00e5ende av 50% undervisning, 50% musikkut\u00f8ving. I nesten tre \u00e5r underviste hun ved Firda videreg\u00e5ende skole og Gloppen Kulturskule. Hun sang seg gjennom fylket p\u00e5 turn\u00e9er med Den Kulturelle Skolesekken og Den Kulturelle Spaserstokken, som solist i Haydns Stabat Mater og H\u00e4ndels Messias, og en rekke andre produksjoner i regi av distriktsmusikerne. Her var det muligheter for \u00e5 bruke alle sine musikalske ressurser, og Maria storkoste seg i et milj\u00f8 der man skiftet fra tidligmusikk til popmusikk, fra singer\/songwriter til romantisk liedrepertoar, fra uke til uke.<\/p>\n<p>I denne perioden begynte hun ogs\u00e5 \u00e5 produsere egne operaforestillinger, som Opera for Dummies (2008) og Sopranos (2009). Dette ble en arbeidsform som passet sv\u00e6rt godt for henne, og til dags dato produserer hun minst en operaturn\u00e9 i \u00e5ret. Spillestedene ligger oftest i Vester\u00e5len, der hun har opparbeidet et trofast publikum sammen med sin faste pianist Patricia Manwaring. Forestillingene Opera vs. Cabaret (2011), Flaggermusens operaball (2013), Musikk fra film og scene (2014) og Pop-up-opera (2015) h\u00f8stet alle str\u00e5lende mottagelse.<\/p>\n<p><img loading=\"lazy\" class=\"alignleft wp-image-296\" src=\"http:\/\/stemmespesialisten.no\/wp-content\/uploads\/2016\/07\/Berglund-plakat-konsert-2-med-bleed-e1470571421152-217x300.jpg\" alt=\"Berglund plakat konsert 2 med bleed\" width=\"260\" height=\"359\" srcset=\"https:\/\/stemmespesialisten.no\/wp-content\/uploads\/2016\/07\/Berglund-plakat-konsert-2-med-bleed-e1470571421152-217x300.jpg 217w, https:\/\/stemmespesialisten.no\/wp-content\/uploads\/2016\/07\/Berglund-plakat-konsert-2-med-bleed-e1470571421152-768x1060.jpg 768w, https:\/\/stemmespesialisten.no\/wp-content\/uploads\/2016\/07\/Berglund-plakat-konsert-2-med-bleed-e1470571421152-742x1024.jpg 742w\" sizes=\"(max-width: 260px) 100vw, 260px\" \/>H\u00f8sten 2010 startet Maria sin mastergrad ved Norges Musikkh\u00f8gskole. I disse \u00e5rene ble repertoaret spisset mot det h\u00f8yromantiske opera-, lied- og kirkerepertoaret, gjennom en mengde konserter og forestillinger arrangert av ulike krefter i Oslos musikkliv. Arbeidskravet p\u00e5 fire masterkonserter sto i spennet mellom solokonsertene &#8220;Neither Nor&#8221; (Fagerborg kirke 2011), &#8220;Postkort fra Europa&#8221; (turn\u00e9 2012) og &#8220;Those who wish to sing, always find a song&#8221; (NMH 2012) . Kulminasjonen kom i eksamensforestillingen &#8220;Wagner\/Mahler\/Strauss&#8221; i 2013, hvor Berglund fant sitt hjerterepertoar.<\/p>\n<p>Hun sang for og med en rekke prominente sangere og dirigenter fra inn- og utland, og reiste jevnlig til K\u00f8benhavn (Susanna Eken, Anne-Margrethe Dahl og Randi Stene) og New York (Trish McAffrey og Jean-Minette Cilliers) for \u00e5 utvide ekspertisen i sitt stemmefag; lyrisk-dramatisk sopran. I New York har hun holdt konserter ved Den Norske Sj\u00f8mannskirken ved flere anledninger.<\/p>\n<p>I \u00e5rene etter fullf\u00f8rt mastergrad, har Maria pl\u00f8yd to \u00e5kre samtidig. I sin s\u00f8ken etter en mer b\u00e6rekraftig sangteknikk for egen musikkut\u00f8ving, har hun\u00a0fordypet seg innen tre retninger for sang og stemmeteknikk: Susanna Ekens tiln\u00e6rming til klassisk sang, Estill Voice Training og Timani.<\/p>\n<p>Hun har brukt over 1200 timer p\u00e5 kursing, inkludert et tre m\u00e5neders opphold i K\u00f8benhavn v\u00e5ren 2015. I tillegg til sangtimer fordypet hun seg i forholdet mellom kropp og stemme. Dette skjedde underveis i behandling og undervisning fra stemmemass\u00f8r Dorthe Kirkeb\u00e6kke, pilatesguru Iben Rohde og fysioterapeut-spesialist Charlotte Krog &#8211; og like etter K\u00f8benhavnoppholdet, under Tina Margareta Nilsens kyndige veiledning.<\/p>\n<p>Ved siden av og innimellom kursene har hun undervist et stadig \u00f8kende tall elever, som ogs\u00e5 ser ut til \u00e5 dras mot mer kunnskap,\u00a0og tanken om at gode sangere m\u00e5 utvikles som hele mennesker. Nysgjerrigheten som driver henne til \u00e5 s\u00f8ke stadig ny l\u00e6rdom, gj\u00f8r egenutvikling og undervisning til to sider av samme sak: Jeg underviser deg &#8211; og meg selv, samtidig!\u00a0Det er usannsynlig at Maria noensinne vil v\u00e6re hundre prosent sanger, eller hundre prosent pedagog. De to yrkene st\u00f8tter og utvikler hverandre gjensidig, og Maria mener bestemt at man kan bli virkelig god til flere ting &#8211; hvis man virkelig brenner for det&#8230;!<\/p>\n<p>Framtidige planer kan man lese mer om p\u00e5 Stemmebloggens andre innlegg, som lanseres p\u00e5 disse nettsidene i februar 2017. F\u00f8lg med&#8230;![\/vc_column_text][\/vc_column][vc_column width=&#8221;1\/6&#8243;][\/vc_column][\/vc_row][vc_row type=&#8221;full_width_section&#8221;][vc_column width=&#8221;1\/1&#8243;][vc_column_text][\/vc_column_text][rev_slider_vc alias=&#8221;kundesitater&#8221;][vc_column_text]<\/p>\n<div id=\"kundesitater\"><\/div>\n<p>[\/vc_column_text][\/vc_column][\/vc_row][vc_row type=&#8221;full_width_section&#8221;][vc_column width=&#8221;1\/6&#8243;][\/vc_column][vc_column column_padding=&#8221;padding-3&#8243; width=&#8221;2\/3&#8243;]<div class=\"spacer\" style=\"height: 10px;\"><\/div>[vc_column_text]<\/p>\n<p style=\"text-align: center;\">SHANI, SANGELEV:<\/p>\n<blockquote>\n<p style=\"text-align: center;\">Maria ser deg som et helhetlig menneske og f\u00e5r deg til \u00e5 yte ditt beste. Hun fikk meg til \u00e5 glemme mine sperrer, og lirket ut toner jeg aldri hadde trodd jeg kunne n\u00e5.<\/p>\n<p style=\"text-align: center;\">\n<\/blockquote>\n<p style=\"text-align: center;\"><div class=\"divider divider8\" style='margin:60px 0px 60px 0px !important;'><div class=\"divider-icon\"><i class=\"fa fa-quote-right\"><\/i><\/div><\/div>\n<p style=\"text-align: center;\">SOLVEIG, SKUESPILLER:<\/p>\n<p><strong>Jeg har opplevd at Maria, gjennom \u00e5 se hele mennesket, har gitt meg verkt\u00f8yene jeg trenger til \u00e5 n\u00e5 mitt fulle potensial over tid. Som ut\u00f8vende kunstner i andre omr\u00e5der enn sang, kan jeg bekrefte at Marias teknikker er anvendelige til mer enn bare sang p\u00e5 grunn av hennes helhetlige fokus p\u00e5 kroppen og lyden(e) den produserer.<\/strong><\/p>\n<p style=\"text-align: center;\"><div class=\"divider divider8\" style='margin:60px 0px 60px 0px !important;'><div class=\"divider-icon\"><i class=\"fa fa-quote-right\"><\/i><\/div><\/div>\n<p style=\"text-align: center;\">SIGRID, KLASSISK SANGER:<\/p>\n<blockquote><p>Jeg g\u00e5r alltid ut av sangtimene med godt hum\u00f8r og tro p\u00e5 at jeg kan f\u00e5 til noe, uansett hvordan jeg f\u00f8lte meg da jeg gikk inn.<\/p><\/blockquote>\n<p style=\"text-align: center;\"><div class=\"divider divider8\" style='margin:60px 0px 60px 0px !important;'><div class=\"divider-icon\"><i class=\"fa fa-quote-right\"><\/i><\/div><\/div>\n<p style=\"text-align: center;\">LIDIA, MASTERGRADSSTUDENT UIO:<\/p>\n<p><strong>Maria er en av de sjeldne l\u00e6rere som klarer \u00e5 ha en \u00e5pen dialog med sine elever. Hun er dedikert til meg p\u00e5 et profesjonelt niv\u00e5, samtidig som jeg f\u00f8ler at jeg har en venn som bryr seg om min stemme og hvordan jeg har det. Det er viktig \u00e5 ha en l\u00e6rer som bryr seg. Like viktig er det \u00e5 ha en l\u00e6rer som har kunnskap, tid og krefter for \u00e5 hjelpe p\u00e5 en best mulig m\u00e5te. Maria klarer alt dette. Jeg er sikker at jeg kunne ha studert med henne b\u00e5de som begynner, bachelor student eller master i ut\u00f8vende sang.<\/strong><\/p>\n<p style=\"text-align: center;\"><div class=\"divider divider8\" style='margin:60px 0px 60px 0px !important;'><div class=\"divider-icon\"><i class=\"fa fa-quote-right\"><\/i><\/div><\/div>\n<p style=\"text-align: center;\">ISELIN, POPSANGER:<\/p>\n<blockquote><p>Marias undervisning i Estill-teknikkene har gitt meg mye mer overskudd. Jeg er s\u00e5 \u00e5 si aldri sliten i stemmen lenger.<\/p><\/blockquote>\n<p style=\"text-align: center;\"><div class=\"divider divider8\" style='margin:60px 0px 60px 0px !important;'><div class=\"divider-icon\"><i class=\"fa fa-quote-right\"><\/i><\/div><\/div>\n<p style=\"text-align: center;\">KRISTIN, SANGER OG DANSER:<\/p>\n<p><strong>Jeg har fors\u00f8kt ulike sangpedagoger, men har sunget for Maria et par \u00e5r n\u00e5. Hun har l\u00e6rt meg mye om foreningen mellom kropp og stemme og hvordan jeg kan arbeide mot en mer fri og avspent stemme. Samtidig gir hun meg inspirasjon og st\u00f8tte til \u00e5 finne mitt personlige uttrykk. Men ikke minst er hun et gener\u00f8st menneske som jeg opplever har stor omtanke for meg som sangelev.<\/strong><\/p>\n<p style=\"text-align: center;\"><div class=\"divider divider8\" style='margin:60px 0px 60px 0px !important;'><div class=\"divider-icon\"><i class=\"fa fa-quote-right\"><\/i><\/div><\/div>\n<p style=\"text-align: center;\">MIRJAM, DELTAKER P\u00c5 KORSEMINAR:<\/p>\n<blockquote><p>Marias varemerke er hennes unike entusiasme. Det er som om kunnskapen smitter av med gleden hun viser.<\/p><\/blockquote>\n<p style=\"text-align: center;\"><div class=\"divider divider8\" style='margin:60px 0px 60px 0px !important;'><div class=\"divider-icon\"><i class=\"fa fa-quote-right\"><\/i><\/div><\/div>\n<p style=\"text-align: center;\">HEIDE, ELITEKORSANGER:<\/p>\n<p><strong>Marias fokus p\u00e5 &#8220;hele kroppen&#8221; for \u00e5 utvikle stemmen synes jeg er veldig bra og hun gir konstruktive r\u00e5d som inspirerer til \u00e5 fortsette arbeidet. Det er ingen &#8220;quick fix&#8221;, men hard jobbing! Hun utfordrer meg og jeg synes jeg har utviklet stemmen mye i den tiden jeg har tatt sangtimer.<\/strong>[\/vc_column_text][\/vc_column][vc_column width=&#8221;1\/6&#8243;][\/vc_column][\/vc_row]<\/p>\n","protected":false},"excerpt":{"rendered":"<p>[vc_row type=&#8221;full_width_section&#8221;][vc_column width=&#8221;1\/1&#8243;][rev_slider_vc alias=&#8221;biografi&#8221;][vc_column_text][\/vc_column_text][\/vc_column][\/vc_row][vc_row type=&#8221;full_width_section&#8221;][vc_column column_padding=&#8221;padding-3&#8243; width=&#8221;1\/6&#8243;][\/vc_column][vc_column width=&#8221;2\/3&#8243;][vc_column_text] Maria Berglund har en mastergrad i klassisk ut\u00f8vende sang og en spesialisering i senromantisk opera, men hun er ingen standard blond operasopran. Les mer om din nye sangpedagog her. Maria Gunnbj\u00f8rg, som hun heter, er f\u00f8dt og oppvokst p\u00e5 Stokmarknes i Vester\u00e5len. Den spede musikalske begynnelse kom med orgel- og pianotimer i kulturskolen, og hun sang gospel i de lokale barne- og ungdomskorene. I 1996 startet hun sin klassiske sangutdannelse ved Sortland videreg\u00e5ende skole, og fikk raskt solistoppgaver med lokale kor og orkester. Her fikk hun ogs\u00e5 sin debut som kordirigent, gjennom samarbeidsprosjekt med tre kor og solister fra Den Norske Opera. Maria var en sterkt engasjert musikklinjeelev og ga seg i kast med alt hun ble utfordret til \u2013 det v\u00e6re seg rockebandsolist, jazz og soul, barokk, musikal og opera. Den brede musikksmaken og \u2013kjennskapen har hun alltid hatt med seg siden. Hun kom direkte inn p\u00e5 Musikkonservatoriet i Kristiansand i 1999, og gjennomf\u00f8rte fagl\u00e6rerutdanning i musikk, dans og drama med vekt p\u00e5 klassisk ut\u00f8vende sang i 2003. Allerede f\u00f8rste \u00e5ret debuterte hun som operasolist med Forsvarets Distriktsmusikkorps, og ble invitert til ytterligere to konserter som operasolist med Kristiansand Symfoniorkester de [&hellip;]<\/p>\n","protected":false},"author":1,"featured_media":0,"parent":0,"menu_order":0,"comment_status":"closed","ping_status":"closed","template":"","meta":{"_mo_disable_npp":""},"yoast_head":"<!-- This site is optimized with the Yoast SEO plugin v15.9.1 - https:\/\/yoast.com\/wordpress\/plugins\/seo\/ -->\n<link rel=\"canonical\" href=\"https:\/\/stemmespesialisten.no\/biografi\/\" \/>\n<meta property=\"og:locale\" content=\"en_US\" \/>\n<meta property=\"og:type\" content=\"article\" \/>\n<meta property=\"og:title\" content=\"Biography | Stemmespesialisten\" \/>\n<meta property=\"og:description\" content=\"[vc_row type=&#8221;full_width_section&#8221;][vc_column width=&#8221;1\/1&#8243;][rev_slider_vc alias=&#8221;biografi&#8221;][vc_column_text][\/vc_column_text][\/vc_column][\/vc_row][vc_row type=&#8221;full_width_section&#8221;][vc_column column_padding=&#8221;padding-3&#8243; width=&#8221;1\/6&#8243;][\/vc_column][vc_column width=&#8221;2\/3&#8243;][vc_column_text] Maria Berglund har en mastergrad i klassisk ut\u00f8vende sang og en spesialisering i senromantisk opera, men hun er ingen standard blond operasopran. Les mer om din nye sangpedagog her. Maria Gunnbj\u00f8rg, som hun heter, er f\u00f8dt og oppvokst p\u00e5 Stokmarknes i Vester\u00e5len. Den spede musikalske begynnelse kom med orgel- og pianotimer i kulturskolen, og hun sang gospel i de lokale barne- og ungdomskorene. I 1996 startet hun sin klassiske sangutdannelse ved Sortland videreg\u00e5ende skole, og fikk raskt solistoppgaver med lokale kor og orkester. Her fikk hun ogs\u00e5 sin debut som kordirigent, gjennom samarbeidsprosjekt med tre kor og solister fra Den Norske Opera. Maria var en sterkt engasjert musikklinjeelev og ga seg i kast med alt hun ble utfordret til \u2013 det v\u00e6re seg rockebandsolist, jazz og soul, barokk, musikal og opera. Den brede musikksmaken og \u2013kjennskapen har hun alltid hatt med seg siden. Hun kom direkte inn p\u00e5 Musikkonservatoriet i Kristiansand i 1999, og gjennomf\u00f8rte fagl\u00e6rerutdanning i musikk, dans og drama med vekt p\u00e5 klassisk ut\u00f8vende sang i 2003. Allerede f\u00f8rste \u00e5ret debuterte hun som operasolist med Forsvarets Distriktsmusikkorps, og ble invitert til ytterligere to konserter som operasolist med Kristiansand Symfoniorkester de [&hellip;]\" \/>\n<meta property=\"og:url\" content=\"https:\/\/stemmespesialisten.no\/biografi\/\" \/>\n<meta property=\"og:site_name\" content=\"Stemmespesialisten\" \/>\n<meta property=\"article:modified_time\" content=\"2017-05-29T20:05:20+00:00\" \/>\n<meta property=\"og:image\" content=\"http:\/\/stemmespesialisten.no\/wp-content\/uploads\/2016\/07\/Berglund-plakat-konsert-2-med-bleed-e1470571421152-217x300.jpg\" \/>\n<meta name=\"twitter:card\" content=\"summary_large_image\" \/>\n<meta name=\"twitter:label1\" content=\"Est. reading time\">\n\t<meta name=\"twitter:data1\" content=\"8 minutes\">\n<script type=\"application\/ld+json\" class=\"yoast-schema-graph\">{\"@context\":\"https:\/\/schema.org\",\"@graph\":[{\"@type\":\"Organization\",\"@id\":\"https:\/\/stemmespesialisten.no\/#organization\",\"name\":\"Stemmespesialisten\",\"url\":\"https:\/\/stemmespesialisten.no\/\",\"sameAs\":[],\"logo\":{\"@type\":\"ImageObject\",\"@id\":\"https:\/\/stemmespesialisten.no\/#logo\",\"inLanguage\":\"en-US\",\"url\":\"https:\/\/stemmespesialisten.no\/wp-content\/uploads\/2017\/02\/SS_120.png\",\"width\":120,\"height\":120,\"caption\":\"Stemmespesialisten\"},\"image\":{\"@id\":\"https:\/\/stemmespesialisten.no\/#logo\"}},{\"@type\":\"WebSite\",\"@id\":\"https:\/\/stemmespesialisten.no\/#website\",\"url\":\"https:\/\/stemmespesialisten.no\/\",\"name\":\"Stemmespesialisten.no\",\"description\":\"All things song- and voice-related\",\"publisher\":{\"@id\":\"https:\/\/stemmespesialisten.no\/#organization\"},\"potentialAction\":[{\"@type\":\"SearchAction\",\"target\":\"https:\/\/stemmespesialisten.no\/?s={search_term_string}\",\"query-input\":\"required name=search_term_string\"}],\"inLanguage\":\"en-US\"},{\"@type\":\"ImageObject\",\"@id\":\"https:\/\/stemmespesialisten.no\/biografi\/#primaryimage\",\"inLanguage\":\"en-US\",\"url\":\"http:\/\/stemmespesialisten.no\/wp-content\/uploads\/2016\/07\/Berglund-plakat-konsert-2-med-bleed-e1470571421152-217x300.jpg\"},{\"@type\":\"WebPage\",\"@id\":\"https:\/\/stemmespesialisten.no\/biografi\/#webpage\",\"url\":\"https:\/\/stemmespesialisten.no\/biografi\/\",\"name\":\"Biography | Stemmespesialisten\",\"isPartOf\":{\"@id\":\"https:\/\/stemmespesialisten.no\/#website\"},\"primaryImageOfPage\":{\"@id\":\"https:\/\/stemmespesialisten.no\/biografi\/#primaryimage\"},\"datePublished\":\"2016-07-30T20:59:00+00:00\",\"dateModified\":\"2017-05-29T20:05:20+00:00\",\"breadcrumb\":{\"@id\":\"https:\/\/stemmespesialisten.no\/biografi\/#breadcrumb\"},\"inLanguage\":\"en-US\",\"potentialAction\":[{\"@type\":\"ReadAction\",\"target\":[\"https:\/\/stemmespesialisten.no\/biografi\/\"]}]},{\"@type\":\"BreadcrumbList\",\"@id\":\"https:\/\/stemmespesialisten.no\/biografi\/#breadcrumb\",\"itemListElement\":[{\"@type\":\"ListItem\",\"position\":1,\"item\":{\"@type\":\"WebPage\",\"@id\":\"https:\/\/stemmespesialisten.no\/\",\"url\":\"https:\/\/stemmespesialisten.no\/\",\"name\":\"Hjem\"}},{\"@type\":\"ListItem\",\"position\":2,\"item\":{\"@type\":\"WebPage\",\"@id\":\"https:\/\/stemmespesialisten.no\/biografi\/\",\"url\":\"https:\/\/stemmespesialisten.no\/biografi\/\",\"name\":\"Biography\"}}]}]}<\/script>\n<!-- \/ Yoast SEO plugin. -->","_links":{"self":[{"href":"https:\/\/stemmespesialisten.no\/en\/wp-json\/wp\/v2\/pages\/770"}],"collection":[{"href":"https:\/\/stemmespesialisten.no\/en\/wp-json\/wp\/v2\/pages"}],"about":[{"href":"https:\/\/stemmespesialisten.no\/en\/wp-json\/wp\/v2\/types\/page"}],"author":[{"embeddable":true,"href":"https:\/\/stemmespesialisten.no\/en\/wp-json\/wp\/v2\/users\/1"}],"replies":[{"embeddable":true,"href":"https:\/\/stemmespesialisten.no\/en\/wp-json\/wp\/v2\/comments?post=770"}],"version-history":[{"count":6,"href":"https:\/\/stemmespesialisten.no\/en\/wp-json\/wp\/v2\/pages\/770\/revisions"}],"predecessor-version":[{"id":2619,"href":"https:\/\/stemmespesialisten.no\/en\/wp-json\/wp\/v2\/pages\/770\/revisions\/2619"}],"wp:attachment":[{"href":"https:\/\/stemmespesialisten.no\/en\/wp-json\/wp\/v2\/media?parent=770"}],"curies":[{"name":"wp","href":"https:\/\/api.w.org\/{rel}","templated":true}]}}