{"id":751,"date":"2016-07-30T21:25:23","date_gmt":"2016-07-30T19:25:23","guid":{"rendered":"http:\/\/stemmespesialisten.no\/en\/hjem\/"},"modified":"2017-05-29T22:15:46","modified_gmt":"2017-05-29T20:15:46","slug":"hjem","status":"publish","type":"page","link":"https:\/\/stemmespesialisten.no\/en\/","title":{"rendered":"Hjem"},"content":{"rendered":"<p>[vc_row type=&#8221;full_width_section&#8221;][vc_column width=&#8221;1\/1&#8243;][rev_slider_vc alias=&#8221;forside-en&#8221;][\/vc_column][\/vc_row][vc_row bg_color=&#8221;#f4f4f4&#8243; section_arrow=&#8221;false&#8221;][vc_column column_padding=&#8221;padding-4&#8243; width=&#8221;1\/1&#8243;][vc_column_text]<\/p>\n<blockquote>\n<p style=\"text-align: center;\">Mange kan l\u00e6re deg \u00e5 synge, men ikke alle kan l\u00e6re deg \u00e5 forst\u00e5 stemmen som instrument. Om du forst\u00e5r den bedre, kan du ogs\u00e5 bruke den bedre.<\/p>\n<\/blockquote>\n<p>[\/vc_column_text][\/vc_column][\/vc_row][vc_row][vc_column column_padding=&#8221;padding-4&#8243; width=&#8221;1\/1&#8243;]<div class=\"spacer\" style=\"height: 40px;\"><\/div>[vc_column_text]<strong class=\"ingress\">Mange mennesker dr\u00f8mmer om \u00e5 synge &#8211; for seg selv, for familie og venner, eller gjennom en karriere innen musikk.<\/strong><\/p>\n<p>Noen av dem har aldri gjort noe med denne dr\u00f8mmen, men opplever at den aldri forsvinner helt. Andre har f\u00e5tt hindringer p\u00e5 veien mot m\u00e5let sitt &#8211; i form av stemmeproblemer, prestasjonsangst, livsvalg som endrer prioriteringene, eller skader som gj\u00f8r at de vegrer seg for \u00e5 g\u00e5 videre.<\/p>\n<p>Noen er godt p\u00e5 vei, men merker at de har ufullstendig kunnskap som p\u00e5virker ferdighetene. Andre igjen lengter etter \u00e5 finne sin egen stemme, \u00e5 sette fri den de egentlig er \u2013 innerst inne.<\/p>\n<p>Er det p\u00e5 tide \u00e5 sjekke om <strong>din<\/strong> dr\u00f8m kan finne en plass i virkelighetens verden? Stemmespesialisten henvender seg til deg som er klar for \u00e5 jobbe med sang- eller talestemmen din, eventuelt med kroppslige og\/eller mentale hindre, for \u00e5 se hvor mulighetene f\u00f8rer hen.[\/vc_column_text][\/vc_column][\/vc_row][vc_row][vc_column width=&#8221;1\/1&#8243;][rev_slider_vc alias=&#8221;vitenvisdomvarme&#8221;][\/vc_column][\/vc_row][vc_row][vc_column column_padding=&#8221;padding-4&#8243; width=&#8221;1\/1&#8243;][vc_column_text]<\/p>\n<div class=\"wpb_text_column wpb_content_element \">\n<div class=\"wpb_wrapper\">\n<p><strong class=\"ingress\">Stemmespesialisten drives av Maria Berglund, som bruker mange ulike vokale, kroppslige og mentale verkt\u00f8y til \u00e5 hjelpe sangere med \u00e5 mestre sine unike utfordringer.\u00a0<\/strong><\/p>\n<p>Metodene og teknikkene har opphav fra b\u00e5de h\u00f8yere utdanning og ulike kurs og sertifiseringer, men de stemmer i h\u00f8y grad overens n\u00e5r det gjelder anatomisk grunnsyn og kunstnerisk forming. Det er fullt mulig \u00e5 kombinere timer innen alle retningene \u2013 alle er kompatible med hverandre, og har stor overf\u00f8ringsverdi fra \u00e9n til de andre.<\/p>\n<p>En time hos Berglund vil i stor grad v\u00e6re styrt av deg som kunde. Dine \u00f8nsker, musikalske preferanser og\/eller behov for kroppslig og mental veiledning st\u00e5r i sentrum. Sammen legger dere en plan for timene du har kj\u00f8pt, og du kan velge fra gang til gang hva tiden skal brukes til. Du trenger ikke en gang v\u00e6re sanger eller synge: Musikere med andre instrumenter, mennesker som taler offentlig eller har behov for coaching er ogs\u00e5 velkomne.<\/p>\n<p><strong class=\"ingress\">Hva ligger i kjerneverdiene &#8220;viten, visdom og varme&#8221;?<\/strong><\/p>\n<p>Hos Stemmespesialisten skal du finne omfattende <strong>fagkunnskap <\/strong>&#8211; alts\u00e5 viten &#8211;\u00a0innen feltene stemmebruk, vokalmusikalske tradisjoner, vokal formidling, prestasjonsmestring, anatomi og kroppsmestring for sangere.<\/p>\n<p>Denne kunnskapen m\u00e5 formidles med <strong>visdom, <\/strong>som inneb\u00e6rer \u00e5 se hele mennesket og vurdere hva hver enkelt kunde har bruk for \u2013 og har mulighet til \u00e5 ta i bruk \u2013 der du er i \u00f8yeblikket.<\/p>\n<p>N\u00e5r du kommer til Stemmespesialisten, skal du alltid bli m\u00f8tt med <strong>varme<\/strong>, slik at din opplevelse av \u00e5 synge eller motta behandling er preget av dialog, trygghet og forst\u00e5else.<\/p>\n<\/div>\n<\/div>\n<p>[\/vc_column_text][\/vc_column][\/vc_row]<\/p>\n","protected":false},"excerpt":{"rendered":"<p>[vc_row type=&#8221;full_width_section&#8221;][vc_column width=&#8221;1\/1&#8243;][rev_slider_vc alias=&#8221;forside-en&#8221;][\/vc_column][\/vc_row][vc_row bg_color=&#8221;#f4f4f4&#8243; section_arrow=&#8221;false&#8221;][vc_column column_padding=&#8221;padding-4&#8243; width=&#8221;1\/1&#8243;][vc_column_text] Mange kan l\u00e6re deg \u00e5 synge, men ikke alle kan l\u00e6re deg \u00e5 forst\u00e5 stemmen som instrument. Om du forst\u00e5r den bedre, kan du ogs\u00e5 bruke den bedre. [\/vc_column_text][\/vc_column][\/vc_row][vc_row][vc_column column_padding=&#8221;padding-4&#8243; width=&#8221;1\/1&#8243;][vc_column_text]Mange mennesker dr\u00f8mmer om \u00e5 synge &#8211; for seg selv, for familie og venner, eller gjennom en karriere innen musikk. Noen av dem har aldri gjort noe med denne dr\u00f8mmen, men opplever at den aldri forsvinner helt. Andre har f\u00e5tt hindringer p\u00e5 veien mot m\u00e5let sitt &#8211; i form av stemmeproblemer, prestasjonsangst, livsvalg som endrer prioriteringene, eller skader som gj\u00f8r at de vegrer seg for \u00e5 g\u00e5 videre. Noen er godt p\u00e5 vei, men merker at de har ufullstendig kunnskap som p\u00e5virker ferdighetene. Andre igjen lengter etter \u00e5 finne sin egen stemme, \u00e5 sette fri den de egentlig er \u2013 innerst inne. Er det p\u00e5 tide \u00e5 sjekke om din dr\u00f8m kan finne en plass i virkelighetens verden? Stemmespesialisten henvender seg til deg som er klar for \u00e5 jobbe med sang- eller talestemmen din, eventuelt med kroppslige og\/eller mentale hindre, for \u00e5 se hvor mulighetene f\u00f8rer hen.[\/vc_column_text][\/vc_column][\/vc_row][vc_row][vc_column width=&#8221;1\/1&#8243;][rev_slider_vc alias=&#8221;vitenvisdomvarme&#8221;][\/vc_column][\/vc_row][vc_row][vc_column column_padding=&#8221;padding-4&#8243; width=&#8221;1\/1&#8243;][vc_column_text] Stemmespesialisten drives av Maria Berglund, som bruker mange ulike vokale, kroppslige [&hellip;]<\/p>\n","protected":false},"author":1,"featured_media":0,"parent":0,"menu_order":0,"comment_status":"closed","ping_status":"closed","template":"","meta":{"_mo_disable_npp":""},"yoast_head":"<!-- This site is optimized with the Yoast SEO plugin v15.9.1 - https:\/\/yoast.com\/wordpress\/plugins\/seo\/ -->\n<link rel=\"canonical\" href=\"https:\/\/stemmespesialisten.no\/\" \/>\n<meta property=\"og:locale\" content=\"en_US\" \/>\n<meta property=\"og:type\" content=\"article\" \/>\n<meta property=\"og:title\" content=\"Hjem | Stemmespesialisten\" \/>\n<meta property=\"og:description\" content=\"[vc_row type=&#8221;full_width_section&#8221;][vc_column width=&#8221;1\/1&#8243;][rev_slider_vc alias=&#8221;forside-en&#8221;][\/vc_column][\/vc_row][vc_row bg_color=&#8221;#f4f4f4&#8243; section_arrow=&#8221;false&#8221;][vc_column column_padding=&#8221;padding-4&#8243; width=&#8221;1\/1&#8243;][vc_column_text] Mange kan l\u00e6re deg \u00e5 synge, men ikke alle kan l\u00e6re deg \u00e5 forst\u00e5 stemmen som instrument. Om du forst\u00e5r den bedre, kan du ogs\u00e5 bruke den bedre. [\/vc_column_text][\/vc_column][\/vc_row][vc_row][vc_column column_padding=&#8221;padding-4&#8243; width=&#8221;1\/1&#8243;][vc_column_text]Mange mennesker dr\u00f8mmer om \u00e5 synge &#8211; for seg selv, for familie og venner, eller gjennom en karriere innen musikk. Noen av dem har aldri gjort noe med denne dr\u00f8mmen, men opplever at den aldri forsvinner helt. Andre har f\u00e5tt hindringer p\u00e5 veien mot m\u00e5let sitt &#8211; i form av stemmeproblemer, prestasjonsangst, livsvalg som endrer prioriteringene, eller skader som gj\u00f8r at de vegrer seg for \u00e5 g\u00e5 videre. Noen er godt p\u00e5 vei, men merker at de har ufullstendig kunnskap som p\u00e5virker ferdighetene. Andre igjen lengter etter \u00e5 finne sin egen stemme, \u00e5 sette fri den de egentlig er \u2013 innerst inne. Er det p\u00e5 tide \u00e5 sjekke om din dr\u00f8m kan finne en plass i virkelighetens verden? Stemmespesialisten henvender seg til deg som er klar for \u00e5 jobbe med sang- eller talestemmen din, eventuelt med kroppslige og\/eller mentale hindre, for \u00e5 se hvor mulighetene f\u00f8rer hen.[\/vc_column_text][\/vc_column][\/vc_row][vc_row][vc_column width=&#8221;1\/1&#8243;][rev_slider_vc alias=&#8221;vitenvisdomvarme&#8221;][\/vc_column][\/vc_row][vc_row][vc_column column_padding=&#8221;padding-4&#8243; width=&#8221;1\/1&#8243;][vc_column_text] Stemmespesialisten drives av Maria Berglund, som bruker mange ulike vokale, kroppslige [&hellip;]\" \/>\n<meta property=\"og:url\" content=\"https:\/\/stemmespesialisten.no\/\" \/>\n<meta property=\"og:site_name\" content=\"Stemmespesialisten\" \/>\n<meta property=\"article:modified_time\" content=\"2017-05-29T20:15:46+00:00\" \/>\n<meta name=\"twitter:card\" content=\"summary_large_image\" \/>\n<meta name=\"twitter:label1\" content=\"Est. reading time\">\n\t<meta name=\"twitter:data1\" content=\"3 minutes\">\n<script type=\"application\/ld+json\" class=\"yoast-schema-graph\">{\"@context\":\"https:\/\/schema.org\",\"@graph\":[{\"@type\":\"Organization\",\"@id\":\"https:\/\/stemmespesialisten.no\/#organization\",\"name\":\"Stemmespesialisten\",\"url\":\"https:\/\/stemmespesialisten.no\/\",\"sameAs\":[],\"logo\":{\"@type\":\"ImageObject\",\"@id\":\"https:\/\/stemmespesialisten.no\/#logo\",\"inLanguage\":\"en-US\",\"url\":\"https:\/\/stemmespesialisten.no\/wp-content\/uploads\/2017\/02\/SS_120.png\",\"width\":120,\"height\":120,\"caption\":\"Stemmespesialisten\"},\"image\":{\"@id\":\"https:\/\/stemmespesialisten.no\/#logo\"}},{\"@type\":\"WebSite\",\"@id\":\"https:\/\/stemmespesialisten.no\/#website\",\"url\":\"https:\/\/stemmespesialisten.no\/\",\"name\":\"Stemmespesialisten.no\",\"description\":\"All things song- and voice-related\",\"publisher\":{\"@id\":\"https:\/\/stemmespesialisten.no\/#organization\"},\"potentialAction\":[{\"@type\":\"SearchAction\",\"target\":\"https:\/\/stemmespesialisten.no\/?s={search_term_string}\",\"query-input\":\"required name=search_term_string\"}],\"inLanguage\":\"en-US\"},{\"@type\":\"WebPage\",\"@id\":\"https:\/\/stemmespesialisten.no\/#webpage\",\"url\":\"https:\/\/stemmespesialisten.no\/\",\"name\":\"Hjem | Stemmespesialisten\",\"isPartOf\":{\"@id\":\"https:\/\/stemmespesialisten.no\/#website\"},\"datePublished\":\"2016-07-30T19:25:23+00:00\",\"dateModified\":\"2017-05-29T20:15:46+00:00\",\"breadcrumb\":{\"@id\":\"https:\/\/stemmespesialisten.no\/#breadcrumb\"},\"inLanguage\":\"en-US\",\"potentialAction\":[{\"@type\":\"ReadAction\",\"target\":[\"https:\/\/stemmespesialisten.no\/\"]}]},{\"@type\":\"BreadcrumbList\",\"@id\":\"https:\/\/stemmespesialisten.no\/#breadcrumb\",\"itemListElement\":[{\"@type\":\"ListItem\",\"position\":1,\"item\":{\"@type\":\"WebPage\",\"@id\":\"https:\/\/stemmespesialisten.no\/\",\"url\":\"https:\/\/stemmespesialisten.no\/\",\"name\":\"Hjem\"}},{\"@type\":\"ListItem\",\"position\":2,\"item\":{\"@type\":\"WebPage\",\"@id\":\"https:\/\/stemmespesialisten.no\/\",\"url\":\"https:\/\/stemmespesialisten.no\/\",\"name\":\"Hjem\"}}]}]}<\/script>\n<!-- \/ Yoast SEO plugin. -->","_links":{"self":[{"href":"https:\/\/stemmespesialisten.no\/en\/wp-json\/wp\/v2\/pages\/751"}],"collection":[{"href":"https:\/\/stemmespesialisten.no\/en\/wp-json\/wp\/v2\/pages"}],"about":[{"href":"https:\/\/stemmespesialisten.no\/en\/wp-json\/wp\/v2\/types\/page"}],"author":[{"embeddable":true,"href":"https:\/\/stemmespesialisten.no\/en\/wp-json\/wp\/v2\/users\/1"}],"replies":[{"embeddable":true,"href":"https:\/\/stemmespesialisten.no\/en\/wp-json\/wp\/v2\/comments?post=751"}],"version-history":[{"count":13,"href":"https:\/\/stemmespesialisten.no\/en\/wp-json\/wp\/v2\/pages\/751\/revisions"}],"predecessor-version":[{"id":2623,"href":"https:\/\/stemmespesialisten.no\/en\/wp-json\/wp\/v2\/pages\/751\/revisions\/2623"}],"wp:attachment":[{"href":"https:\/\/stemmespesialisten.no\/en\/wp-json\/wp\/v2\/media?parent=751"}],"curies":[{"name":"wp","href":"https:\/\/api.w.org\/{rel}","templated":true}]}}