{"id":2615,"date":"2017-05-29T21:56:20","date_gmt":"2017-05-29T19:56:20","guid":{"rendered":"http:\/\/stemmespesialisten.no\/?page_id=2615\/"},"modified":"2017-05-29T21:56:58","modified_gmt":"2017-05-29T19:56:58","slug":"body","status":"publish","type":"page","link":"https:\/\/stemmespesialisten.no\/en\/body\/","title":{"rendered":"Body"},"content":{"rendered":"<p>[vc_row type=&#8221;full_width_section&#8221;][vc_column width=&#8221;1\/1&#8243;][rev_slider_vc alias=&#8221;timani&#8221;][vc_column_text]<\/p>\n<div id=\"timani\"><\/div>\n<p>[\/vc_column_text][\/vc_column][\/vc_row][vc_row][vc_column column_padding=&#8221;padding-4&#8243; width=&#8221;1\/1&#8243;][vc_column_text]<\/p>\n<h2>TIMANI<\/h2>\n<p>Timani er en helhetlig tiln\u00e6rming til \u00e5 synge og spille, laget for \u00e5 gi deg \u00f8kt bevissthet p\u00e5 de fysiske og mentale prosessene som foreg\u00e5r \u2013 b\u00e5de under \u00f8ving og konsert.<\/p>\n<p>Du l\u00e6rer \u00e5 analysere hvordan kroppen din bruker muskler og skjelett, bindevev og nervesystem n\u00e5r du bruker instrumentet ditt. Du f\u00e5r \u00f8velser som bygger opp kroppen din, som gj\u00f8r at du raskt forbedrer koordinasjon og energifordeling. Du vil f\u00e5 b\u00e5de en umiddelbar og en vedvarende opplevelse av at du synger eller spiller med forbedret klang, timing og frasering.<\/p>\n<blockquote>\n<p style=\"text-align: center;\">M\u00e5let med Timani er \u00e5 kunne oppn\u00e5 en kroppsbeherskelse som gir mulighet til \u00e5 uttrykke sitt fulle musikalske potensiale uten un\u00f8dige fysiske begrensninger.<\/p>\n<\/blockquote>\n<p>&nbsp;<\/p>\n<p>Timani gir et unikt innblikk i det som foreg\u00e5r i musiseringen. \u00d8velsene er designet for \u00e5 \u00abvekke opp\u00bb fysisk erfaring og hukommelse, slik at man kan ta i bruk st\u00f8rre deler av kroppens potensiale. Du vil merke \u00f8kt stabilitet og kontroll, kjenne kraft og \u00a0fra aktive deler av kroppen, samt n\u00f8dvendig avspenning i muskler som helst ikke skal arbeide n\u00e5r du synger eller spiller.<\/p>\n<p>Timani kan hjelpe deg \u00e5 forebygge skader og sykemeldinger for\u00e5rsaket av feil muskelbruk, som ellers er h\u00f8yst vanlig for musikere \u00e5 g\u00e5 igjennom i l\u00f8pet av en karriere. Timani er <strong>ikke<\/strong> en behandling for skader som allerede har oppst\u00e5tt, men \u00f8velsene kan i noen tilfeller hjelpe p\u00e5 symptomene.<\/p>\n<p>Berglund er sertifisert Level 1 Timanil\u00e6rer, og er i gang med Level 2 i skrivende stund . Les mer om Timani <a href=\"http:\/\/www.timani.no\">her.<\/a>[\/vc_column_text][\/vc_column][\/vc_row][vc_row type=&#8221;full_width_section&#8221;][vc_column width=&#8221;1\/1&#8243;][rev_slider_vc alias=&#8221;stemmemassasje&#8221;][vc_column_text]<\/p>\n<div id=\"stemmemassasje\"><\/div>\n<p>[\/vc_column_text][\/vc_column][\/vc_row][vc_row][vc_column column_padding=&#8221;padding-4&#8243; width=&#8221;1\/1&#8243;][vc_column_text]<\/p>\n<h2>STEMMEMASSASJE<\/h2>\n<p>Stemmemassasje er et begrep som i Norge forbindes med danske Dorthe Kirkeb\u00e6kke, en av Skandinavias f\u00e5 spesialister i behandling av sangeres unike belastningsskader. I Sverige og Finland er Sirkka-Liisa Perki\u00f6 en pion\u00e9r innen samme felt, med sin ReVoice Manuell R\u00f6stterapi , som har vokst fram gjennom 30 \u00e5r med utdanning og behandlingserfaring.<\/p>\n<blockquote>\n<p style=\"text-align: center;\">Stemmens muskler gj\u00f8r ikke arbeidet med \u00e5 produsere lyd alene. Sv\u00e6rt mange sanglige problemer skriver seg fra kroppens helhetlige tilstand, og kan behandles manuelt.<\/p>\n<\/blockquote>\n<p>&nbsp;<\/p>\n<p>En stemmemass\u00f8r bruker sin erfaring og kunnskap til \u00e5 avlaste muskulaturen rundt lydkilden, \u00e5pne bryst og rygg til friere innpust, og justere holdning med avspennende massasje i skuldre og nakke. Det kan ogs\u00e5 v\u00e6re behov i bukens st\u00f8ttemuskulatur, og i nedre rygg- og beinmuskler. Dybdekunnskap om slimhinner, bindevev, bihuler og tensegritet inng\u00e5r i analysen av hver klient.<\/p>\n<p>Stemmemassasje kan dramatisk endre tekniske problemer, b\u00e5de der og da, og med jevnlige behandlinger over tid. Massasjen gir kroppslig bevissthet, \u00f8kt sirkulasjon og avspenning, og kan med fordel kombineres med Timani for opp\u00f8ving av gunstig muskelbruk.<\/p>\n<p>Berglund var og er fast klient hos Kirkeb\u00e6kke, og er selv et godt eksempel p\u00e5 at stemmemassasje fungerer p\u00e5 forbedring av stemmehelse og sangteknikk. Hun har logget omkring 1700 massasjetimer i egen undervisningspraksis gjennom 17 \u00e5r, og er i ferd med \u00e5 bli stemmemass\u00f8r selv. Utdanningsforl\u00f8pet er i startfasen, og inkluderer elementer fra ReVoice R\u00f6stmassage, Axelsons Body Work School og direkte veiledning fra Kirkeb\u00e6kke. Du kan lese mer om stemmemassasje <a href=\"http:\/\/www.kirkebaekke.dk\">her, <\/a>og\u00a0Revoice R\u00f6stmassage <a href=\"http:\/\/www.revoice.se\">her.<\/a>[\/vc_column_text][\/vc_column][\/vc_row]<\/p>\n","protected":false},"excerpt":{"rendered":"<p>[vc_row type=&#8221;full_width_section&#8221;][vc_column width=&#8221;1\/1&#8243;][rev_slider_vc alias=&#8221;timani&#8221;][vc_column_text] [\/vc_column_text][\/vc_column][\/vc_row][vc_row][vc_column column_padding=&#8221;padding-4&#8243; width=&#8221;1\/1&#8243;][vc_column_text] TIMANI Timani er en helhetlig tiln\u00e6rming til \u00e5 synge og spille, laget for \u00e5 gi deg \u00f8kt bevissthet p\u00e5 de fysiske og mentale prosessene som foreg\u00e5r \u2013 b\u00e5de under \u00f8ving og konsert. Du l\u00e6rer \u00e5 analysere hvordan kroppen din bruker muskler og skjelett, bindevev og nervesystem n\u00e5r du bruker instrumentet ditt. Du f\u00e5r \u00f8velser som bygger opp kroppen din, som gj\u00f8r at du raskt forbedrer koordinasjon og energifordeling. Du vil f\u00e5 b\u00e5de en umiddelbar og en vedvarende opplevelse av at du synger eller spiller med forbedret klang, timing og frasering. M\u00e5let med Timani er \u00e5 kunne oppn\u00e5 en kroppsbeherskelse som gir mulighet til \u00e5 uttrykke sitt fulle musikalske potensiale uten un\u00f8dige fysiske begrensninger. &nbsp; Timani gir et unikt innblikk i det som foreg\u00e5r i musiseringen. \u00d8velsene er designet for \u00e5 \u00abvekke opp\u00bb fysisk erfaring og hukommelse, slik at man kan ta i bruk st\u00f8rre deler av kroppens potensiale. Du vil merke \u00f8kt stabilitet og kontroll, kjenne kraft og \u00a0fra aktive deler av kroppen, samt n\u00f8dvendig avspenning i muskler som helst ikke skal arbeide n\u00e5r du synger eller spiller. Timani kan hjelpe deg \u00e5 forebygge skader og sykemeldinger for\u00e5rsaket av feil muskelbruk, som ellers [&hellip;]<\/p>\n","protected":false},"author":4,"featured_media":0,"parent":0,"menu_order":0,"comment_status":"closed","ping_status":"closed","template":"","meta":{"_mo_disable_npp":""},"yoast_head":"<!-- This site is optimized with the Yoast SEO plugin v15.9.1 - https:\/\/yoast.com\/wordpress\/plugins\/seo\/ -->\n<link rel=\"canonical\" href=\"https:\/\/stemmespesialisten.no\/kropp\/\" \/>\n<meta property=\"og:locale\" content=\"en_US\" \/>\n<meta property=\"og:type\" content=\"article\" \/>\n<meta property=\"og:title\" content=\"Body | Stemmespesialisten\" \/>\n<meta property=\"og:description\" content=\"[vc_row type=&#8221;full_width_section&#8221;][vc_column width=&#8221;1\/1&#8243;][rev_slider_vc alias=&#8221;timani&#8221;][vc_column_text] [\/vc_column_text][\/vc_column][\/vc_row][vc_row][vc_column column_padding=&#8221;padding-4&#8243; width=&#8221;1\/1&#8243;][vc_column_text] TIMANI Timani er en helhetlig tiln\u00e6rming til \u00e5 synge og spille, laget for \u00e5 gi deg \u00f8kt bevissthet p\u00e5 de fysiske og mentale prosessene som foreg\u00e5r \u2013 b\u00e5de under \u00f8ving og konsert. Du l\u00e6rer \u00e5 analysere hvordan kroppen din bruker muskler og skjelett, bindevev og nervesystem n\u00e5r du bruker instrumentet ditt. Du f\u00e5r \u00f8velser som bygger opp kroppen din, som gj\u00f8r at du raskt forbedrer koordinasjon og energifordeling. Du vil f\u00e5 b\u00e5de en umiddelbar og en vedvarende opplevelse av at du synger eller spiller med forbedret klang, timing og frasering. M\u00e5let med Timani er \u00e5 kunne oppn\u00e5 en kroppsbeherskelse som gir mulighet til \u00e5 uttrykke sitt fulle musikalske potensiale uten un\u00f8dige fysiske begrensninger. &nbsp; Timani gir et unikt innblikk i det som foreg\u00e5r i musiseringen. \u00d8velsene er designet for \u00e5 \u00abvekke opp\u00bb fysisk erfaring og hukommelse, slik at man kan ta i bruk st\u00f8rre deler av kroppens potensiale. Du vil merke \u00f8kt stabilitet og kontroll, kjenne kraft og \u00a0fra aktive deler av kroppen, samt n\u00f8dvendig avspenning i muskler som helst ikke skal arbeide n\u00e5r du synger eller spiller. Timani kan hjelpe deg \u00e5 forebygge skader og sykemeldinger for\u00e5rsaket av feil muskelbruk, som ellers [&hellip;]\" \/>\n<meta property=\"og:url\" content=\"https:\/\/stemmespesialisten.no\/kropp\/\" \/>\n<meta property=\"og:site_name\" content=\"Stemmespesialisten\" \/>\n<meta property=\"article:modified_time\" content=\"2017-05-29T19:56:58+00:00\" \/>\n<meta name=\"twitter:card\" content=\"summary_large_image\" \/>\n<meta name=\"twitter:label1\" content=\"Est. reading time\">\n\t<meta name=\"twitter:data1\" content=\"3 minutes\">\n<script type=\"application\/ld+json\" class=\"yoast-schema-graph\">{\"@context\":\"https:\/\/schema.org\",\"@graph\":[{\"@type\":\"Organization\",\"@id\":\"https:\/\/stemmespesialisten.no\/#organization\",\"name\":\"Stemmespesialisten\",\"url\":\"https:\/\/stemmespesialisten.no\/\",\"sameAs\":[],\"logo\":{\"@type\":\"ImageObject\",\"@id\":\"https:\/\/stemmespesialisten.no\/#logo\",\"inLanguage\":\"en-US\",\"url\":\"https:\/\/stemmespesialisten.no\/wp-content\/uploads\/2017\/02\/SS_120.png\",\"width\":120,\"height\":120,\"caption\":\"Stemmespesialisten\"},\"image\":{\"@id\":\"https:\/\/stemmespesialisten.no\/#logo\"}},{\"@type\":\"WebSite\",\"@id\":\"https:\/\/stemmespesialisten.no\/#website\",\"url\":\"https:\/\/stemmespesialisten.no\/\",\"name\":\"Stemmespesialisten.no\",\"description\":\"All things song- and voice-related\",\"publisher\":{\"@id\":\"https:\/\/stemmespesialisten.no\/#organization\"},\"potentialAction\":[{\"@type\":\"SearchAction\",\"target\":\"https:\/\/stemmespesialisten.no\/?s={search_term_string}\",\"query-input\":\"required name=search_term_string\"}],\"inLanguage\":\"en-US\"},{\"@type\":\"WebPage\",\"@id\":\"https:\/\/stemmespesialisten.no\/kropp\/#webpage\",\"url\":\"https:\/\/stemmespesialisten.no\/kropp\/\",\"name\":\"Body | Stemmespesialisten\",\"isPartOf\":{\"@id\":\"https:\/\/stemmespesialisten.no\/#website\"},\"datePublished\":\"2017-05-29T19:56:20+00:00\",\"dateModified\":\"2017-05-29T19:56:58+00:00\",\"breadcrumb\":{\"@id\":\"https:\/\/stemmespesialisten.no\/kropp\/#breadcrumb\"},\"inLanguage\":\"en-US\",\"potentialAction\":[{\"@type\":\"ReadAction\",\"target\":[\"https:\/\/stemmespesialisten.no\/kropp\/\"]}]},{\"@type\":\"BreadcrumbList\",\"@id\":\"https:\/\/stemmespesialisten.no\/kropp\/#breadcrumb\",\"itemListElement\":[{\"@type\":\"ListItem\",\"position\":1,\"item\":{\"@type\":\"WebPage\",\"@id\":\"https:\/\/stemmespesialisten.no\/\",\"url\":\"https:\/\/stemmespesialisten.no\/\",\"name\":\"Hjem\"}},{\"@type\":\"ListItem\",\"position\":2,\"item\":{\"@type\":\"WebPage\",\"@id\":\"https:\/\/stemmespesialisten.no\/kropp\/\",\"url\":\"https:\/\/stemmespesialisten.no\/kropp\/\",\"name\":\"Body\"}}]}]}<\/script>\n<!-- \/ Yoast SEO plugin. -->","_links":{"self":[{"href":"https:\/\/stemmespesialisten.no\/en\/wp-json\/wp\/v2\/pages\/2615"}],"collection":[{"href":"https:\/\/stemmespesialisten.no\/en\/wp-json\/wp\/v2\/pages"}],"about":[{"href":"https:\/\/stemmespesialisten.no\/en\/wp-json\/wp\/v2\/types\/page"}],"author":[{"embeddable":true,"href":"https:\/\/stemmespesialisten.no\/en\/wp-json\/wp\/v2\/users\/4"}],"replies":[{"embeddable":true,"href":"https:\/\/stemmespesialisten.no\/en\/wp-json\/wp\/v2\/comments?post=2615"}],"version-history":[{"count":1,"href":"https:\/\/stemmespesialisten.no\/en\/wp-json\/wp\/v2\/pages\/2615\/revisions"}],"predecessor-version":[{"id":2616,"href":"https:\/\/stemmespesialisten.no\/en\/wp-json\/wp\/v2\/pages\/2615\/revisions\/2616"}],"wp:attachment":[{"href":"https:\/\/stemmespesialisten.no\/en\/wp-json\/wp\/v2\/media?parent=2615"}],"curies":[{"name":"wp","href":"https:\/\/api.w.org\/{rel}","templated":true}]}}